{"id":139,"date":"2011-02-06T11:31:43","date_gmt":"2011-02-06T09:31:43","guid":{"rendered":"http:\/\/blog.perspectus.se\/?page_id=139"},"modified":"2012-10-21T15:37:52","modified_gmt":"2012-10-21T13:37:52","slug":"lankar","status":"publish","type":"page","link":"http:\/\/blog.perspectus.se\/?page_id=139","title":{"rendered":"L\u00e4nkar"},"content":{"rendered":"<p>Jag kommer h\u00e4r att l\u00e4gga in en och annan l\u00e4nk till webbplatser som jag tror kan vara av intresse f\u00f6r er som hamnat h\u00e4r.<\/p>\n<p><a href=\"http:\/\/fication.se\" target=\"_blank\">Kristian St\u00e5lne<\/a><br \/>\nKristian har skrivit ett antal blogginl\u00e4gg som p\u00e5 svenska ger introduktioner till bl.a. Jane Loevingers och Robert Kegans jagutvecklingsmodeller.<\/p>\n<p><a href=\"http:\/\/www.integralt.se\/\" target=\"_blank\">Integralt.se<\/a><br \/>\nWebbplatsen integralt.se \u00e4r i skrivande stund i sin linda, det finns inte s\u00e5 v\u00e4rstans mycket material d\u00e4r. Men det \u00e4r t\u00e4nkt att webbplatsen ska bli en resurs p\u00e5 svenska f\u00f6r alla som \u00e4r intresserade av &#8220;integrala perspektiv.&#8221;<\/p>\n","protected":false},"excerpt":{"rendered":"<p>Jag kommer h\u00e4r att l\u00e4gga in en och annan l\u00e4nk till webbplatser som jag tror kan vara av intresse f\u00f6r er som hamnat h\u00e4r. Kristian St\u00e5lne Kristian har skrivit ett antal blogginl\u00e4gg som p\u00e5 svenska ger introduktioner till bl.a. Jane Loevingers och Robert Kegans jagutvecklingsmodeller. Integralt.se Webbplatsen integralt.se \u00e4r i skrivande stund i sin linda, &hellip; <a href=\"http:\/\/blog.perspectus.se\/?page_id=139\" class=\"more-link\">Continue reading <span class=\"screen-reader-text\">L\u00e4nkar<\/span><\/a><\/p>\n","protected":false},"author":1,"featured_media":0,"parent":0,"menu_order":3,"comment_status":"open","ping_status":"open","template":"","meta":{"jetpack_post_was_ever_published":false,"footnotes":""},"class_list":["post-139","page","type-page","status-publish","hentry"],"jetpack_sharing_enabled":true,"jetpack_likes_enabled":true,"_links":{"self":[{"href":"http:\/\/blog.perspectus.se\/index.php?rest_route=\/wp\/v2\/pages\/139","targetHints":{"allow":["GET"]}}],"collection":[{"href":"http:\/\/blog.perspectus.se\/index.php?rest_route=\/wp\/v2\/pages"}],"about":[{"href":"http:\/\/blog.perspectus.se\/index.php?rest_route=\/wp\/v2\/types\/page"}],"author":[{"embeddable":true,"href":"http:\/\/blog.perspectus.se\/index.php?rest_route=\/wp\/v2\/users\/1"}],"replies":[{"embeddable":true,"href":"http:\/\/blog.perspectus.se\/index.php?rest_route=%2Fwp%2Fv2%2Fcomments&post=139"}],"version-history":[{"count":5,"href":"http:\/\/blog.perspectus.se\/index.php?rest_route=\/wp\/v2\/pages\/139\/revisions"}],"predecessor-version":[{"id":337,"href":"http:\/\/blog.perspectus.se\/index.php?rest_route=\/wp\/v2\/pages\/139\/revisions\/337"}],"wp:attachment":[{"href":"http:\/\/blog.perspectus.se\/index.php?rest_route=%2Fwp%2Fv2%2Fmedia&parent=139"}],"curies":[{"name":"wp","href":"https:\/\/api.w.org\/{rel}","templated":true}]}}